{"id":5328,"date":"2024-11-28T11:25:00","date_gmt":"2024-11-28T10:25:00","guid":{"rendered":"https:\/\/www.timberawards.be\/?page_id=5328"},"modified":"2024-12-20T08:50:12","modified_gmt":"2024-12-20T07:50:12","slug":"homepage-13-12","status":"publish","type":"page","link":"https:\/\/www.timberawards.be\/fr\/","title":{"rendered":"Homepage 13 \/ 12"},"content":{"rendered":"\r\n<div class=\"wp-block-column\" style=\"flex-basis: 100%;\">\r\n<div class=\"wp-block-columns is-layout-flex wp-container-core-columns-is-layout-9d6595d7 wp-block-columns-is-layout-flex\">\r\n<div class=\"wp-block-column\" style=\"flex-basis: 100%;\">\r\n<h2>Clap de fin pour les BTCA 2024 !<\/h2>\r\n<p>Apr\u00e8s le succ\u00e8s de la soir\u00e9e de cl\u00f4ture de cette 2e \u00e9dition, Hout Info Bois est tr\u00e8s heureux de pouvoir enfin r\u00e9v\u00e9ler les gagnants de cette ann\u00e9e.<\/p>\r\n<p>Les BTCA 2024, c&rsquo;est pas moins de <strong><span style=\"color: #b39f00;\">65<\/span><\/strong> projets r\u00e9alis\u00e9s en Belgique ces <strong><span style=\"color: #b39f00;\">4<\/span><\/strong> derni\u00e8res ann\u00e9es, <strong><span style=\"color: #b39f00;\">15<\/span> <\/strong>nomin\u00e9s, <strong><span style=\"color: #b39f00;\">5 <\/span><\/strong><span style=\"color: #b39f00;\">gagnants et<\/span><span style=\"color: #b39f00;\"> 1 prix du jury<\/span>.<\/p>\r\n<p>&nbsp;<\/p>\r\n<p class=\"has-text-align-left\" style=\"padding: 0px; text-align: right;\"><strong><span style=\"color: #b39f00;\">17<\/span> B\u00e2timents R\u00e9sidentiels <\/strong>[4000\u20ac]\u00a0 \u00a0&#8211;\u00a0 \u00a0Maison unifamiliale<\/p>\r\n<p style=\"text-align: right;\"><strong><span style=\"color: #b39f00;\">7<\/span> B\u00e2timents MultiR\u00e9sidentiels<\/strong> [4000\u20ac]\u00a0 \u00a0&#8211;\u00a0 \u00a0Immeuble \u00e0 appartements, habitats group\u00e9s, etc<\/p>\r\n<p style=\"text-align: right;\"><strong><span style=\"color: #b39f00;\">22<\/span> B\u00e2timents NonR\u00e9sidentiels<\/strong> [4000\u20ac]\u00a0 \u00a0&#8211;\u00a0 \u00a0Bureaux, cr\u00e8che, \u00e9cole, maison de repos, entreprise, entrep\u00f4t, salle de sport, espace public, b\u00e2timent agricole, centres commerciaux, etc<\/p>\r\n<p style=\"text-align: right;\"><strong><span style=\"color: #b39f00;\">13<\/span> Extensions<\/strong> [3000\u20ac]\u00a0 \u00a0&#8211;\u00a0 \u00a0Extension de tout type de b\u00e2timent<\/p>\r\n<p style=\"text-align: right;\"><strong><span style=\"color: #b39f00;\">6<\/span> Sur\u00e9l\u00e9vations<\/strong> [3000\u20ac]\u00a0 \u00a0&#8211;\u00a0 \u00a0\u00c9tage(s) additionnel(s) de tout type de b\u00e2timent<\/p>\r\n<p style=\"text-align: right;\"><strong>Prix du Jury<\/strong> [2000\u20ac]<\/p>\r\n<h2>Et s\u2019il fallait retenir une id\u00e9e maitresse par cat\u00e9gorie\u00a0?<\/h2>\r\n<p>La cat\u00e9gorie \u2018<strong>R\u00e9sidentiel<\/strong>\u2019 a pu mettre en exergue la volont\u00e9 de ne pas avoir recours envers et contre tout au bois mais \u00e0 des mat\u00e9riaux compl\u00e9mentaires d\u2019origine naturelle comme la paille, l\u2019argile ou le chanvre.<\/p>\r\n<p>En <strong>non-r\u00e9sidentiel<\/strong>, on souligne la volont\u00e9 de r\u00e9pondre \u00e0 des exigences soci\u00e9tales.\u00a0 Le <strong>Prix du jury<\/strong> s\u2019inscrit \u00e9galement compl\u00e8tement dans cette tendance avec une intention d\u2019associer l\u2019activit\u00e9 principale du lieu avec le mat\u00e9riau du b\u00e2timent.<\/p>\r\n<p>La cat\u00e9gorie <strong>Sur\u00e9l\u00e9vation<\/strong> a fait l\u2019objet de projets dont les fonctions \u00e9taient vari\u00e9es tout en s\u2019inscrivant de mani\u00e8re int\u00e9ressante dans un contexte urbain.\u00a0 Ce dernier est d\u2019ailleurs sa cible pr\u00e9f\u00e9rentielle en raison de la raret\u00e9 des terrains \u00e0 b\u00e2tir en ville mais aussi gr\u00e2ce \u00e0 la l\u00e9g\u00e8ret\u00e9 du mat\u00e9riau bois.<\/p>\r\n<p>Les projets de la cat\u00e9gorie <strong>Extension<\/strong> sortaient de l\u2019ordinaire en revalorisant r\u00e9ellement l\u2019existant et en optimisant un espace souvent r\u00e9duit avec des moyens qui le sont parfois tout autant.\u00a0 Bref, un v\u00e9ritable d\u00e9fi architectural\u00a0!<\/p>\r\n<p>Le <strong>Multir\u00e9sidentiel<\/strong> poss\u00e8de encore un \u00e9norme potentiel d&rsquo;\u00e9volution en mati\u00e8re de construction bois.\u00a0 Les panneaux CLT mais \u00e9galement le savoir-faire de nos entreprises permet de r\u00e9pondre \u00e0 tous les projets ambitieux.<\/p>\r\n<\/div>\r\n<\/div>\r\n<p>&nbsp;<\/p>\r\n<div class=\"wp-block-columns\">\r\n<div class=\"wp-block-column\" style=\"flex-basis: 100%;\">\r\n<p style=\"text-align: left;\">M\u00eame si la taille des projets reste encore souvent mod\u00e9r\u00e9e, elle est le fruit d\u2019un savoir-faire accru tant des ma\u00eetres d\u2019\u0153uvre que de l\u2019ensemble de la fili\u00e8re bois depuis le producteur jusqu\u2019au transformateur.\u00a0 De mani\u00e8re g\u00e9n\u00e9rale, la construction bois est vari\u00e9e et n\u2019est pas le fruit d\u2019une \u2018monoculture\u2019 du bois.\u00a0 Cette vari\u00e9t\u00e9 se ressent tant dans les lieux de b\u00e2ti que dans l\u2019architecture ou dans les fonctions que remplissent les b\u00e2timents.\u00a0 On pressent \u00e9galement la naissance d\u2019une architecture int\u00e9grant les notions de recyclage et de r\u00e9-emploi.\u00a0 Pour ces aspects-l\u00e0 aussi, le bois est Le mat\u00e9riau d\u2019aujourd\u2019hui et de demain !<\/p>\r\n<\/div>\r\n<\/div>\r\n<\/div>\r\n<\/div>\r\n<p style=\"text-align: left;\"><\/p>\r\n<h2 class=\"wp-block-heading\" style=\"text-align: left;\">D\u00e9couvrez enfin les projets prim\u00e9s de l\u2019\u00e9dition 2024<\/h2>\r\n<p><\/p><!-- \/wp:column --><!-- wp:columns -->\r\n<div class=\"wp-block-columns\"><!-- wp:column {\"width\":\"100%\"} -->\r\n<div class=\"wp-block-column\" style=\"flex-basis: 100%;\"><!-- wp:columns -->\r\n<div class=\"wp-block-columns\">\r\n<div class=\"wp-block-column\" style=\"flex-basis: 100%;\">\r\n<h2>Clap de fin pour les BTCA 2024 !<\/h2>\r\n<p>Apr\u00e8s le succ\u00e8s de la soir\u00e9e de cl\u00f4ture de cette 2e \u00e9dition, Hout Info Bois est tr\u00e8s heureux de pouvoir enfin r\u00e9v\u00e9ler les gagnants de cette ann\u00e9e.<\/p>\r\n<p>Les BTCA 2024, c&rsquo;est pas moins de <strong><span style=\"color: #b39f00;\">65<\/span><\/strong> projets r\u00e9alis\u00e9s en Belgique ces <strong><span style=\"color: #b39f00;\">4<\/span><\/strong> derni\u00e8res ann\u00e9es, <strong><span style=\"color: #b39f00;\">15<\/span> <\/strong>nomin\u00e9s, <strong><span style=\"color: #b39f00;\">5 <\/span><\/strong><span style=\"color: #b39f00;\">gagnants et<\/span><span style=\"color: #b39f00;\"> 1 prix du jury<\/span>.<\/p>\r\n<p>&nbsp;<\/p>\r\n<p class=\"has-text-align-left\" style=\"padding: 0px; text-align: right;\"><strong><span style=\"color: #b39f00;\">17<\/span> B\u00e2timents R\u00e9sidentiels <\/strong>[4000\u20ac]\u00a0 \u00a0&#8211;\u00a0 \u00a0Maison unifamiliale<\/p>\r\n<p style=\"text-align: right;\"><strong><span style=\"color: #b39f00;\">7<\/span> B\u00e2timents MultiR\u00e9sidentiels<\/strong> [4000\u20ac]\u00a0 \u00a0&#8211;\u00a0 \u00a0Immeuble \u00e0 appartements, habitats group\u00e9s, etc<\/p>\r\n<p style=\"text-align: right;\"><strong><span style=\"color: #b39f00;\">22<\/span> B\u00e2timents NonR\u00e9sidentiels<\/strong> [4000\u20ac]\u00a0 \u00a0&#8211;\u00a0 \u00a0Bureaux, cr\u00e8che, \u00e9cole, maison de repos, entreprise, entrep\u00f4t, salle de sport, espace public, b\u00e2timent agricole, centres commerciaux, etc<\/p>\r\n<p style=\"text-align: right;\"><strong><span style=\"color: #b39f00;\">13<\/span> Extensions<\/strong> [3000\u20ac]\u00a0 \u00a0&#8211;\u00a0 \u00a0Extension de tout type de b\u00e2timent<\/p>\r\n<p style=\"text-align: right;\"><strong><span style=\"color: #b39f00;\">6<\/span> Sur\u00e9l\u00e9vations<\/strong> [3000\u20ac]\u00a0 \u00a0&#8211;\u00a0 \u00a0\u00c9tage(s) additionnel(s) de tout type de b\u00e2timent<\/p>\r\n<p style=\"text-align: right;\"><strong>Prix du Jury<\/strong> [2000\u20ac]<\/p>\r\n<h2>Et s\u2019il fallait retenir une id\u00e9e maitresse par cat\u00e9gorie\u00a0?<\/h2>\r\n<p>La cat\u00e9gorie \u2018<strong>R\u00e9sidentiel<\/strong>\u2019 a pu mettre en exergue la volont\u00e9 de ne pas avoir recours envers et contre tout au bois mais \u00e0 des mat\u00e9riaux compl\u00e9mentaires d\u2019origine naturelle comme la paille, l\u2019argile ou le chanvre.<\/p>\r\n<p>En <strong>non-r\u00e9sidentiel<\/strong>, on souligne la volont\u00e9 de r\u00e9pondre \u00e0 des exigences soci\u00e9tales.\u00a0 Le <strong>Prix du jury<\/strong> s\u2019inscrit \u00e9galement compl\u00e8tement dans cette tendance avec une intention d\u2019associer l\u2019activit\u00e9 principale du lieu avec le mat\u00e9riau du b\u00e2timent.<\/p>\r\n<p>La cat\u00e9gorie <strong>Sur\u00e9l\u00e9vation<\/strong> a fait l\u2019objet de projets dont les fonctions \u00e9taient vari\u00e9es tout en s\u2019inscrivant de mani\u00e8re int\u00e9ressante dans un contexte urbain.\u00a0 Ce dernier est d\u2019ailleurs sa cible pr\u00e9f\u00e9rentielle en raison de la raret\u00e9 des terrains \u00e0 b\u00e2tir en ville mais aussi gr\u00e2ce \u00e0 la l\u00e9g\u00e8ret\u00e9 du mat\u00e9riau bois.<\/p>\r\n<p>Les projets de la cat\u00e9gorie <strong>Extension<\/strong> sortaient de l\u2019ordinaire en revalorisant r\u00e9ellement l\u2019existant et en optimisant un espace souvent r\u00e9duit avec des moyens qui le sont parfois tout autant.\u00a0 Bref, un v\u00e9ritable d\u00e9fi architectural\u00a0!<\/p>\r\n<p>Le <strong>Multir\u00e9sidentiel<\/strong> poss\u00e8de encore un \u00e9norme potentiel d&rsquo;\u00e9volution en mati\u00e8re de construction bois.\u00a0 Les panneaux CLT mais \u00e9galement le savoir-faire de nos entreprises permet de r\u00e9pondre \u00e0 tous les projets ambitieux.<\/p>\r\n<\/div>\r\n<\/div>\r\n<p>&nbsp;<\/p>\r\n<div class=\"wp-block-columns\">\r\n<div class=\"wp-block-column\" style=\"flex-basis: 100%;\">\r\n<p style=\"text-align: left;\">M\u00eame si la taille des projets reste encore souvent mod\u00e9r\u00e9e, elle est le fruit d\u2019un savoir-faire accru tant des ma\u00eetres d\u2019\u0153uvre que de l\u2019ensemble de la fili\u00e8re bois depuis le producteur jusqu\u2019au transformateur.\u00a0 De mani\u00e8re g\u00e9n\u00e9rale, la construction bois est vari\u00e9e et n\u2019est pas le fruit d\u2019une \u2018monoculture\u2019 du bois.\u00a0 Cette vari\u00e9t\u00e9 se ressent tant dans les lieux de b\u00e2ti que dans l\u2019architecture ou dans les fonctions que remplissent les b\u00e2timents.\u00a0 On pressent \u00e9galement la naissance d\u2019une architecture int\u00e9grant les notions de recyclage et de r\u00e9-emploi.\u00a0 Pour ces aspects-l\u00e0 aussi, le bois est Le mat\u00e9riau d\u2019aujourd\u2019hui et de demain !<\/p>\r\n<\/div>\r\n<\/div>\r\n<\/div>\r\n<\/div>\r\n<p style=\"text-align: left;\"><!-- wp:heading --><\/p>\r\n<h2 class=\"wp-block-heading\" style=\"text-align: left;\">D\u00e9couvrez enfin les projets prim\u00e9s de l\u2019\u00e9dition 2024<\/h2>\r\n<p><!-- \/wp:heading --><\/p><!-- \/wp:post-content --><!-- \/wp:columns --><!-- wp:post-content --><!-- wp:columns -->\r\n<div class=\"wp-block-columns\"><!-- wp:column {\"width\":\"100%\"} -->\r\n<div class=\"wp-block-column\" style=\"flex-basis: 100%;\"><!-- wp:columns -->\r\n<div class=\"wp-block-columns\">\r\n<div class=\"wp-block-column\" style=\"flex-basis: 100%;\">\r\n<h2>Clap de fin pour les BTCA 2024 !<\/h2>\r\n<p>Apr\u00e8s le succ\u00e8s de la soir\u00e9e de cl\u00f4ture de cette 2e \u00e9dition, Hout Info Bois est tr\u00e8s heureux de pouvoir enfin r\u00e9v\u00e9ler les gagnants de cette ann\u00e9e.<\/p>\r\n<p>Les BTCA 2024, c&rsquo;est pas moins de <strong><span style=\"color: #b39f00;\">65<\/span><\/strong> projets r\u00e9alis\u00e9s en Belgique ces <strong><span style=\"color: #b39f00;\">4<\/span><\/strong> derni\u00e8res ann\u00e9es, <strong><span style=\"color: #b39f00;\">15<\/span> <\/strong>nomin\u00e9s, <strong><span style=\"color: #b39f00;\">5 <\/span><\/strong><span style=\"color: #b39f00;\">gagnants et<\/span><span style=\"color: #b39f00;\"> 1 prix du jury<\/span>.<\/p>\r\n<p>&nbsp;<\/p>\r\n<p class=\"has-text-align-left\" style=\"padding: 0px; text-align: right;\"><strong><span style=\"color: #b39f00;\">17<\/span> B\u00e2timents R\u00e9sidentiels <\/strong>[4000\u20ac]\u00a0 \u00a0&#8211;\u00a0 \u00a0Maison unifamiliale<\/p>\r\n<p style=\"text-align: right;\"><strong><span style=\"color: #b39f00;\">7<\/span> B\u00e2timents MultiR\u00e9sidentiels<\/strong> [4000\u20ac]\u00a0 \u00a0&#8211;\u00a0 \u00a0Immeuble \u00e0 appartements, habitats group\u00e9s, etc<\/p>\r\n<p style=\"text-align: right;\"><strong><span style=\"color: #b39f00;\">22<\/span> B\u00e2timents NonR\u00e9sidentiels<\/strong> [4000\u20ac]\u00a0 \u00a0&#8211;\u00a0 \u00a0Bureaux, cr\u00e8che, \u00e9cole, maison de repos, entreprise, entrep\u00f4t, salle de sport, espace public, b\u00e2timent agricole, centres commerciaux, etc<\/p>\r\n<p style=\"text-align: right;\"><strong><span style=\"color: #b39f00;\">13<\/span> Extensions<\/strong> [3000\u20ac]\u00a0 \u00a0&#8211;\u00a0 \u00a0Extension de tout type de b\u00e2timent<\/p>\r\n<p style=\"text-align: right;\"><strong><span style=\"color: #b39f00;\">6<\/span> Sur\u00e9l\u00e9vations<\/strong> [3000\u20ac]\u00a0 \u00a0&#8211;\u00a0 \u00a0\u00c9tage(s) additionnel(s) de tout type de b\u00e2timent<\/p>\r\n<p style=\"text-align: right;\"><strong>Prix du Jury<\/strong> [2000\u20ac]<\/p>\r\n<h2>Et s\u2019il fallait retenir une id\u00e9e maitresse par cat\u00e9gorie\u00a0?<\/h2>\r\n<p>La cat\u00e9gorie \u2018<strong>R\u00e9sidentiel<\/strong>\u2019 a pu mettre en exergue la volont\u00e9 de ne pas avoir recours envers et contre tout au bois mais \u00e0 des mat\u00e9riaux compl\u00e9mentaires d\u2019origine naturelle comme la paille, l\u2019argile ou le chanvre.<\/p>\r\n<p>En <strong>non-r\u00e9sidentiel<\/strong>, on souligne la volont\u00e9 de r\u00e9pondre \u00e0 des exigences soci\u00e9tales.\u00a0 Le <strong>Prix du jury<\/strong> s\u2019inscrit \u00e9galement compl\u00e8tement dans cette tendance avec une intention d\u2019associer l\u2019activit\u00e9 principale du lieu avec le mat\u00e9riau du b\u00e2timent.<\/p>\r\n<p>La cat\u00e9gorie <strong>Sur\u00e9l\u00e9vation<\/strong> a fait l\u2019objet de projets dont les fonctions \u00e9taient vari\u00e9es tout en s\u2019inscrivant de mani\u00e8re int\u00e9ressante dans un contexte urbain.\u00a0 Ce dernier est d\u2019ailleurs sa cible pr\u00e9f\u00e9rentielle en raison de la raret\u00e9 des terrains \u00e0 b\u00e2tir en ville mais aussi gr\u00e2ce \u00e0 la l\u00e9g\u00e8ret\u00e9 du mat\u00e9riau bois.<\/p>\r\n<p>Les projets de la cat\u00e9gorie <strong>Extension<\/strong> sortaient de l\u2019ordinaire en revalorisant r\u00e9ellement l\u2019existant et en optimisant un espace souvent r\u00e9duit avec des moyens qui le sont parfois tout autant.\u00a0 Bref, un v\u00e9ritable d\u00e9fi architectural\u00a0!<\/p>\r\n<p>Le <strong>Multir\u00e9sidentiel<\/strong> poss\u00e8de encore un \u00e9norme potentiel d&rsquo;\u00e9volution en mati\u00e8re de construction bois.\u00a0 Les panneaux CLT mais \u00e9galement le savoir-faire de nos entreprises permet de r\u00e9pondre \u00e0 tous les projets ambitieux.<\/p>\r\n<\/div>\r\n<\/div>\r\n<p>&nbsp;<\/p>\r\n<div class=\"wp-block-columns\">\r\n<div class=\"wp-block-column\" style=\"flex-basis: 100%;\">\r\n<p style=\"text-align: left;\">M\u00eame si la taille des projets reste encore souvent mod\u00e9r\u00e9e, elle est le fruit d\u2019un savoir-faire accru tant des ma\u00eetres d\u2019\u0153uvre que de l\u2019ensemble de la fili\u00e8re bois depuis le producteur jusqu\u2019au transformateur.\u00a0 De mani\u00e8re g\u00e9n\u00e9rale, la construction bois est vari\u00e9e et n\u2019est pas le fruit d\u2019une \u2018monoculture\u2019 du bois.\u00a0 Cette vari\u00e9t\u00e9 se ressent tant dans les lieux de b\u00e2ti que dans l\u2019architecture ou dans les fonctions que remplissent les b\u00e2timents.\u00a0 On pressent \u00e9galement la naissance d\u2019une architecture int\u00e9grant les notions de recyclage et de r\u00e9-emploi.\u00a0 Pour ces aspects-l\u00e0 aussi, le bois est Le mat\u00e9riau d\u2019aujourd\u2019hui et de demain !<\/p>\r\n<\/div>\r\n<\/div>\r\n<\/div>\r\n<\/div>\r\n<p style=\"text-align: left;\"><!-- wp:heading --><\/p>\r\n<h2 class=\"wp-block-heading\" style=\"text-align: left;\">D\u00e9couvrez enfin les projets prim\u00e9s de l\u2019\u00e9dition 2024<\/h2>\r\n<p><!-- \/wp:heading --><\/p><!-- \/wp:post-content -->","protected":false},"excerpt":{"rendered":"<p>Clap de fin pour les BTCA 2024 ! Apr\u00e8s le succ\u00e8s de la soir\u00e9e de cl\u00f4ture de cette 2e \u00e9dition, Hout Info Bois est tr\u00e8s heureux de pouvoir enfin r\u00e9v\u00e9ler les gagnants de cette ann\u00e9e. Les BTCA 2024, c&rsquo;est pas moins de 65 projets r\u00e9alis\u00e9s en Belgique ces 4 derni\u00e8res ann\u00e9es, 15 nomin\u00e9s, 5 gagnants [&hellip;]<\/p>\n","protected":false},"author":4,"featured_media":0,"parent":0,"menu_order":0,"comment_status":"closed","ping_status":"open","template":"template-front-page.php","meta":{"_acf_changed":false,"inline_featured_image":false,"footnotes":""},"class_list":["post-5328","page","type-page","status-publish","hentry"],"acf":[],"_links":{"self":[{"href":"https:\/\/www.timberawards.be\/fr\/wp-json\/wp\/v2\/pages\/5328","targetHints":{"allow":["GET"]}}],"collection":[{"href":"https:\/\/www.timberawards.be\/fr\/wp-json\/wp\/v2\/pages"}],"about":[{"href":"https:\/\/www.timberawards.be\/fr\/wp-json\/wp\/v2\/types\/page"}],"author":[{"embeddable":true,"href":"https:\/\/www.timberawards.be\/fr\/wp-json\/wp\/v2\/users\/4"}],"replies":[{"embeddable":true,"href":"https:\/\/www.timberawards.be\/fr\/wp-json\/wp\/v2\/comments?post=5328"}],"version-history":[{"count":13,"href":"https:\/\/www.timberawards.be\/fr\/wp-json\/wp\/v2\/pages\/5328\/revisions"}],"predecessor-version":[{"id":5737,"href":"https:\/\/www.timberawards.be\/fr\/wp-json\/wp\/v2\/pages\/5328\/revisions\/5737"}],"wp:attachment":[{"href":"https:\/\/www.timberawards.be\/fr\/wp-json\/wp\/v2\/media?parent=5328"}],"curies":[{"name":"wp","href":"https:\/\/api.w.org\/{rel}","templated":true}]}}