{"id":2778,"date":"2023-06-13T09:26:16","date_gmt":"2023-06-13T08:26:16","guid":{"rendered":"https:\/\/www.timberawards.be\/?page_id=2778"},"modified":"2024-03-14T10:39:02","modified_gmt":"2024-03-14T09:39:02","slug":"soumettre-un-projet","status":"publish","type":"page","link":"https:\/\/www.timberawards.be\/fr\/soumettre-un-projet\/","title":{"rendered":"Soumettre un projet"},"content":{"rendered":"\n<p>Merci de compl\u00e9ter les informations g\u00e9n\u00e9rales ci-dessous relatives au projet que vous souhaitez soumettre. Ce formulaire fait office de candidature.<\/p>\n\n\n\n<p>Afin d\u2019\u00eatre en mesure d\u2019\u00e9valuer correctement chaque projet, nous vous demandons une br\u00e8ve argumentation. Celle-ci fera office de compl\u00e9ment aux plans, coupes et photos soumis. L\u2019espace \u00e0 compl\u00e9ter par crit\u00e8re d\u2019\u00e9valuation est fixe. Les champs obligatoires sont marqu\u00e9s d\u2019une *.<\/p>\n\n\n\n<p>Pour plus d\u2019informations \u00e0 ce sujet, voir le point \u00ab\u00a0Comment participer\u00a0?\u00a0\u00bb du <a href=\"https:\/\/www.timberawards.be\/wp-content\/uploads\/2024\/02\/BTCA_Reglement_FR_2024.pdf\">r\u00e8glement<\/a>.<\/p>\n\n\n\n<p>En participant \u00e0 ce prix, les participants acceptent automatiquement l\u2019ensemble du r\u00e8glement et se soumettent \u00e0 la d\u00e9cision finale du jury, celle-ci \u00e9tant irr\u00e9vocable.<\/p>\n","protected":false},"excerpt":{"rendered":"<p>Merci de compl\u00e9ter les informations g\u00e9n\u00e9rales ci-dessous relatives au projet que vous souhaitez soumettre. Ce formulaire fait office de candidature. Afin d\u2019\u00eatre en mesure d\u2019\u00e9valuer correctement chaque projet, nous vous demandons une br\u00e8ve argumentation. Celle-ci fera office de compl\u00e9ment aux plans, coupes et photos soumis. L\u2019espace \u00e0 compl\u00e9ter par crit\u00e8re d\u2019\u00e9valuation est fixe. Les champs [&hellip;]<\/p>\n","protected":false},"author":1,"featured_media":0,"parent":0,"menu_order":0,"comment_status":"closed","ping_status":"closed","template":"template-submit-project.php","meta":{"_acf_changed":false,"inline_featured_image":false,"footnotes":""},"class_list":["post-2778","page","type-page","status-publish","hentry"],"acf":[],"_links":{"self":[{"href":"https:\/\/www.timberawards.be\/fr\/wp-json\/wp\/v2\/pages\/2778","targetHints":{"allow":["GET"]}}],"collection":[{"href":"https:\/\/www.timberawards.be\/fr\/wp-json\/wp\/v2\/pages"}],"about":[{"href":"https:\/\/www.timberawards.be\/fr\/wp-json\/wp\/v2\/types\/page"}],"author":[{"embeddable":true,"href":"https:\/\/www.timberawards.be\/fr\/wp-json\/wp\/v2\/users\/1"}],"replies":[{"embeddable":true,"href":"https:\/\/www.timberawards.be\/fr\/wp-json\/wp\/v2\/comments?post=2778"}],"version-history":[{"count":6,"href":"https:\/\/www.timberawards.be\/fr\/wp-json\/wp\/v2\/pages\/2778\/revisions"}],"predecessor-version":[{"id":3124,"href":"https:\/\/www.timberawards.be\/fr\/wp-json\/wp\/v2\/pages\/2778\/revisions\/3124"}],"wp:attachment":[{"href":"https:\/\/www.timberawards.be\/fr\/wp-json\/wp\/v2\/media?parent=2778"}],"curies":[{"name":"wp","href":"https:\/\/api.w.org\/{rel}","templated":true}]}}